{"id":8,"date":"2024-05-24T15:25:05","date_gmt":"2024-05-24T13:25:05","guid":{"rendered":"https:\/\/wc.demo.a3shop.eu\/?page_id=8"},"modified":"2024-05-24T15:25:05","modified_gmt":"2024-05-24T13:25:05","slug":"kosik","status":"publish","type":"page","link":"https:\/\/wc.stage.a3shop.eu\/?page_id=8","title":{"rendered":"Ko\u0161\u00edk"},"content":{"rendered":"\n<div data-block-name=\"woocommerce\/cart\" class=\"wp-block-woocommerce-cart alignwide is-loading\">\n<div data-block-name=\"woocommerce\/filled-cart-block\" class=\"wp-block-woocommerce-filled-cart-block\">\n<div data-block-name=\"woocommerce\/cart-items-block\" class=\"wp-block-woocommerce-cart-items-block\">\n<div data-block-name=\"woocommerce\/cart-line-items-block\" class=\"wp-block-woocommerce-cart-line-items-block\"><\/div>\n\n\n\n<div data-block-name=\"woocommerce\/cart-cross-sells-block\" class=\"wp-block-woocommerce-cart-cross-sells-block\">\n<h2 class=\"wp-block-heading has-large-font-size\">Mohlo by v\u00e1s zauj\u00edma\u0165&#8230;<\/h2>\n\n\n\n<div data-block-name=\"woocommerce\/cart-cross-sells-products-block\" class=\"wp-block-woocommerce-cart-cross-sells-products-block\"><\/div>\n<\/div>\n<\/div>\n\n\n\n<div data-block-name=\"woocommerce\/cart-totals-block\" class=\"wp-block-woocommerce-cart-totals-block\">\n<div data-block-name=\"woocommerce\/cart-order-summary-block\" class=\"wp-block-woocommerce-cart-order-summary-block\">\n<div data-block-name=\"woocommerce\/cart-order-summary-heading-block\" class=\"wp-block-woocommerce-cart-order-summary-heading-block\"><\/div><div data-block-name=\"woocommerce\/cart-order-summary-coupon-form-block\" class=\"wp-block-woocommerce-cart-order-summary-coupon-form-block\"><\/div><div data-block-name=\"woocommerce\/cart-order-summary-totals-block\" class=\"wp-block-woocommerce-cart-order-summary-totals-block\">\n<div data-block-name=\"woocommerce\/cart-order-summary-subtotal-block\" class=\"wp-block-woocommerce-cart-order-summary-subtotal-block\"><\/div>\n<div data-block-name=\"woocommerce\/cart-order-summary-discount-block\" class=\"wp-block-woocommerce-cart-order-summary-discount-block\"><\/div>\n<div data-block-name=\"woocommerce\/cart-order-summary-fee-block\" class=\"wp-block-woocommerce-cart-order-summary-fee-block\"><\/div>\n<div data-block-name=\"woocommerce\/cart-order-summary-shipping-block\" class=\"wp-block-woocommerce-cart-order-summary-shipping-block\"><\/div>\n<div data-block-name=\"woocommerce\/cart-order-summary-taxes-block\" class=\"wp-block-woocommerce-cart-order-summary-taxes-block\"><\/div><\/div>\n<\/div>\n\n\n\n<div data-block-name=\"woocommerce\/cart-express-payment-block\" class=\"wp-block-woocommerce-cart-express-payment-block\"><\/div>\n\n\n\n<div data-block-name=\"woocommerce\/proceed-to-checkout-block\" class=\"wp-block-woocommerce-proceed-to-checkout-block\"><\/div>\n\n\n\n<div data-block-name=\"woocommerce\/cart-accepted-payment-methods-block\" class=\"wp-block-woocommerce-cart-accepted-payment-methods-block\"><\/div>\n<\/div>\n<\/div>\n\n\n\n<div data-block-name=\"woocommerce\/empty-cart-block\" class=\"wp-block-woocommerce-empty-cart-block\">\n<h2 class=\"wp-block-heading has-text-align-center with-empty-cart-icon wc-block-cart__empty-cart__title\">V\u00e1\u0161 ko\u0161\u00edk je moment\u00e1lne pr\u00e1zdny!<\/h2>\n\n\n\n<hr class=\"wp-block-separator has-alpha-channel-opacity is-style-dots\"\/>\n\n\n\n<h2 class=\"wp-block-heading has-text-align-center\">Novinky v obchode<\/h2>\n\n\n<div data-block-name=\"woocommerce\/product-new\" data-columns=\"4\" data-rows=\"1\" class=\"wc-block-grid wp-block-product-new wp-block-woocommerce-product-new wc-block-product-new has-4-columns\"><ul class=\"wc-block-grid__products\"><li class=\"wc-block-grid__product\">\n\t\t\t\t<a href=\"https:\/\/wc.stage.a3shop.eu\/?product=api-test-produkt\" class=\"wc-block-grid__product-link\">\n\t\t\t\t\t\n\t\t\t\t\t<div class=\"wc-block-grid__product-image\"><img loading=\"lazy\" decoding=\"async\" width=\"324\" height=\"324\" src=\"https:\/\/wc.stage.a3shop.eu\/wp-content\/uploads\/woocommerce-placeholder-600x600.png\" class=\"woocommerce-placeholder wp-post-image\" alt=\"\" srcset=\"https:\/\/wc.stage.a3shop.eu\/wp-content\/uploads\/woocommerce-placeholder-600x600.png 600w, https:\/\/wc.stage.a3shop.eu\/wp-content\/uploads\/woocommerce-placeholder-300x300.png 300w, https:\/\/wc.stage.a3shop.eu\/wp-content\/uploads\/woocommerce-placeholder-100x100.png 100w, https:\/\/wc.stage.a3shop.eu\/wp-content\/uploads\/woocommerce-placeholder-1024x1024.png 1024w, https:\/\/wc.stage.a3shop.eu\/wp-content\/uploads\/woocommerce-placeholder-150x150.png 150w, https:\/\/wc.stage.a3shop.eu\/wp-content\/uploads\/woocommerce-placeholder-768x768.png 768w, https:\/\/wc.stage.a3shop.eu\/wp-content\/uploads\/woocommerce-placeholder.png 1200w\" sizes=\"auto, (max-width: 324px) 100vw, 324px\" \/><\/div>\n\t\t\t\t\t<div class=\"wc-block-grid__product-title\">API Test Produkt<\/div>\n\t\t\t\t<\/a>\n\t\t\t\t<div class=\"wc-block-grid__product-price price\"><span class=\"woocommerce-Price-amount amount\">1,00&nbsp;<span class=\"woocommerce-Price-currencySymbol\">&euro;<\/span><\/span><\/div>\n\t\t\t\t\n\t\t\t\t<div class=\"wp-block-button wc-block-grid__product-add-to-cart\"><a href=\"https:\/\/wc.stage.a3shop.eu\/?product=api-test-produkt\" aria-label=\"Zistite viac o &ldquo;API Test Produkt&rdquo;\" data-quantity=\"1\" data-product_id=\"380\" data-product_sku=\"TEST123\" data-price=\"1\" rel=\"nofollow\" class=\"wp-block-button__link  add_to_cart_button\">Viac info<\/a><\/div>\n\t\t\t<\/li><li class=\"wc-block-grid__product\">\n\t\t\t\t<a href=\"https:\/\/wc.stage.a3shop.eu\/?product=one-touch-fresh-370-ml\" class=\"wc-block-grid__product-link\">\n\t\t\t\t\t<div class=\"wc-block-grid__product-onsale\">\n\t\t\t<span aria-hidden=\"true\">Z\u013eava<\/span>\n\t\t\t<span class=\"screen-reader-text\">Z\u013eavnen\u00fd produkt<\/span>\n\t\t<\/div>\n\t\t\t\t\t<div class=\"wc-block-grid__product-image\"><img loading=\"lazy\" decoding=\"async\" width=\"324\" height=\"324\" src=\"https:\/\/wc.stage.a3shop.eu\/wp-content\/uploads\/2024\/09\/One-Touch-Fresh-370-ml-Tupperware-Nitra-eshop-324x324.png\" class=\"attachment-woocommerce_thumbnail size-woocommerce_thumbnail\" alt=\"One Touch Fresh 370 ml\" srcset=\"https:\/\/wc.stage.a3shop.eu\/wp-content\/uploads\/2024\/09\/One-Touch-Fresh-370-ml-Tupperware-Nitra-eshop-324x324.png 324w, https:\/\/wc.stage.a3shop.eu\/wp-content\/uploads\/2024\/09\/One-Touch-Fresh-370-ml-Tupperware-Nitra-eshop-100x100.png 100w, https:\/\/wc.stage.a3shop.eu\/wp-content\/uploads\/2024\/09\/One-Touch-Fresh-370-ml-Tupperware-Nitra-eshop-150x150.png 150w\" sizes=\"auto, (max-width: 324px) 100vw, 324px\" \/><\/div>\n\t\t\t\t\t<div class=\"wc-block-grid__product-title\">One Touch Fresh 370 ml<\/div>\n\t\t\t\t<\/a>\n\t\t\t\t<div class=\"wc-block-grid__product-price price\"><del aria-hidden=\"true\"><span class=\"woocommerce-Price-amount amount\">11,50&nbsp;<span class=\"woocommerce-Price-currencySymbol\">&euro;<\/span><\/span><\/del> <span class=\"screen-reader-text\">Original price was: 11,50&nbsp;&euro;.<\/span><ins aria-hidden=\"true\"><span class=\"woocommerce-Price-amount amount\">9,90&nbsp;<span class=\"woocommerce-Price-currencySymbol\">&euro;<\/span><\/span><\/ins><span class=\"screen-reader-text\">Current price is: 9,90&nbsp;&euro;.<\/span><\/div>\n\t\t\t\t\n\t\t\t\t<div class=\"wp-block-button wc-block-grid__product-add-to-cart\"><a href=\"https:\/\/wc.stage.a3shop.eu\/?product=one-touch-fresh-370-ml\" aria-label=\"Zistite viac o &ldquo;One Touch Fresh 370 ml&rdquo;\" data-quantity=\"1\" data-product_id=\"145\" data-product_sku=\"2\" data-price=\"9.9\" rel=\"nofollow\" class=\"wp-block-button__link  add_to_cart_button\">Viac info<\/a><\/div>\n\t\t\t<\/li><li class=\"wc-block-grid__product\">\n\t\t\t\t<a href=\"https:\/\/wc.stage.a3shop.eu\/?product=polozka-c-3\" class=\"wc-block-grid__product-link\">\n\t\t\t\t\t\n\t\t\t\t\t<div class=\"wc-block-grid__product-image\"><img loading=\"lazy\" decoding=\"async\" width=\"324\" height=\"324\" src=\"https:\/\/wc.stage.a3shop.eu\/wp-content\/uploads\/woocommerce-placeholder-600x600.png\" class=\"woocommerce-placeholder wp-post-image\" alt=\"\" srcset=\"https:\/\/wc.stage.a3shop.eu\/wp-content\/uploads\/woocommerce-placeholder-600x600.png 600w, https:\/\/wc.stage.a3shop.eu\/wp-content\/uploads\/woocommerce-placeholder-300x300.png 300w, https:\/\/wc.stage.a3shop.eu\/wp-content\/uploads\/woocommerce-placeholder-100x100.png 100w, https:\/\/wc.stage.a3shop.eu\/wp-content\/uploads\/woocommerce-placeholder-1024x1024.png 1024w, https:\/\/wc.stage.a3shop.eu\/wp-content\/uploads\/woocommerce-placeholder-150x150.png 150w, https:\/\/wc.stage.a3shop.eu\/wp-content\/uploads\/woocommerce-placeholder-768x768.png 768w, https:\/\/wc.stage.a3shop.eu\/wp-content\/uploads\/woocommerce-placeholder.png 1200w\" sizes=\"auto, (max-width: 324px) 100vw, 324px\" \/><\/div>\n\t\t\t\t\t<div class=\"wc-block-grid__product-title\">Polo\u017eka \u010d.3<\/div>\n\t\t\t\t<\/a>\n\t\t\t\t<div class=\"wc-block-grid__product-price price\"><span class=\"woocommerce-Price-amount amount\">7,50&nbsp;<span class=\"woocommerce-Price-currencySymbol\">&euro;<\/span><\/span><\/div>\n\t\t\t\t\n\t\t\t\t<div class=\"wp-block-button wc-block-grid__product-add-to-cart\"><a href=\"?add-to-cart=121\" aria-label=\"Add to cart: &ldquo;Polo\u017eka \u010d.3&rdquo;\" data-quantity=\"1\" data-product_id=\"121\" data-product_sku=\"\" data-price=\"7.5\" rel=\"nofollow\" class=\"wp-block-button__link  add_to_cart_button ajax_add_to_cart\">Prida\u0165 do ko\u0161\u00edka<\/a><\/div>\n\t\t\t<\/li><li class=\"wc-block-grid__product\">\n\t\t\t\t<a href=\"https:\/\/wc.stage.a3shop.eu\/?product=testovacia-polozka-c-2\" class=\"wc-block-grid__product-link\">\n\t\t\t\t\t\n\t\t\t\t\t<div class=\"wc-block-grid__product-image\"><img loading=\"lazy\" decoding=\"async\" width=\"324\" height=\"324\" src=\"https:\/\/wc.stage.a3shop.eu\/wp-content\/uploads\/2024\/05\/test2-600x600.png\" class=\"attachment-woocommerce_thumbnail size-woocommerce_thumbnail\" alt=\"Testovacia polo\u017eka \u010d.2\" srcset=\"https:\/\/wc.stage.a3shop.eu\/wp-content\/uploads\/2024\/05\/test2-600x600.png 600w, https:\/\/wc.stage.a3shop.eu\/wp-content\/uploads\/2024\/05\/test2-300x300.png 300w, https:\/\/wc.stage.a3shop.eu\/wp-content\/uploads\/2024\/05\/test2-100x100.png 100w, https:\/\/wc.stage.a3shop.eu\/wp-content\/uploads\/2024\/05\/test2-150x150.png 150w, https:\/\/wc.stage.a3shop.eu\/wp-content\/uploads\/2024\/05\/test2-768x768.png 768w, https:\/\/wc.stage.a3shop.eu\/wp-content\/uploads\/2024\/05\/test2.png 800w\" sizes=\"auto, (max-width: 324px) 100vw, 324px\" \/><\/div>\n\t\t\t\t\t<div class=\"wc-block-grid__product-title\">Testovacia polo\u017eka \u010d.2<\/div>\n\t\t\t\t<\/a>\n\t\t\t\t<div class=\"wc-block-grid__product-price price\"><\/div>\n\t\t\t\t\n\t\t\t\t<div class=\"wp-block-button wc-block-grid__product-add-to-cart\"><a href=\"https:\/\/wc.stage.a3shop.eu\/?product=testovacia-polozka-c-2\" aria-label=\"V\u00fdber nastaven\u00ed pre &ldquo;Testovacia polo\u017eka \u010d.2&rdquo;\" data-quantity=\"1\" data-product_id=\"15\" data-product_sku=\"2016516516156516516251651651651651\" data-price=\"0.02\" rel=\"nofollow\" class=\"wp-block-button__link  add_to_cart_button\">V\u00fdber mo\u017enost\u00ed<\/a><\/div>\n\t\t\t<\/li><\/ul><\/div><\/div>\n<\/div>\n","protected":false},"excerpt":{"rendered":"","protected":false},"author":1,"featured_media":0,"parent":0,"menu_order":0,"comment_status":"closed","ping_status":"closed","template":"","meta":{"footnotes":""},"class_list":["post-8","page","type-page","status-publish","hentry"],"_links":{"self":[{"href":"https:\/\/wc.stage.a3shop.eu\/index.php?rest_route=\/wp\/v2\/pages\/8","targetHints":{"allow":["GET"]}}],"collection":[{"href":"https:\/\/wc.stage.a3shop.eu\/index.php?rest_route=\/wp\/v2\/pages"}],"about":[{"href":"https:\/\/wc.stage.a3shop.eu\/index.php?rest_route=\/wp\/v2\/types\/page"}],"author":[{"embeddable":true,"href":"https:\/\/wc.stage.a3shop.eu\/index.php?rest_route=\/wp\/v2\/users\/1"}],"replies":[{"embeddable":true,"href":"https:\/\/wc.stage.a3shop.eu\/index.php?rest_route=%2Fwp%2Fv2%2Fcomments&post=8"}],"version-history":[{"count":0,"href":"https:\/\/wc.stage.a3shop.eu\/index.php?rest_route=\/wp\/v2\/pages\/8\/revisions"}],"wp:attachment":[{"href":"https:\/\/wc.stage.a3shop.eu\/index.php?rest_route=%2Fwp%2Fv2%2Fmedia&parent=8"}],"curies":[{"name":"wp","href":"https:\/\/api.w.org\/{rel}","templated":true}]}}