{"id":15,"date":"2024-05-24T15:30:29","date_gmt":"2024-05-24T13:30:29","guid":{"rendered":"https:\/\/wc.demo.a3shop.eu\/?post_type=product&#038;p=15"},"modified":"2025-11-20T12:53:37","modified_gmt":"2025-11-20T11:53:37","slug":"testovacia-polozka-c-2","status":"publish","type":"product","link":"https:\/\/wc.stage.a3shop.eu\/?product=testovacia-polozka-c-2","title":{"rendered":"Testovacia polo\u017eka \u010d.2"},"content":{"rendered":"<p>Testovacia polo\u017eka \u010d.2<\/p>\n","protected":false},"excerpt":{"rendered":"<p>Kr\u00e1tky popis produktu<\/p>\n","protected":false},"featured_media":16,"comment_status":"open","ping_status":"closed","template":"","meta":[],"product_brand":[],"product_cat":[15],"product_tag":[],"class_list":{"0":"post-15","1":"product","2":"type-product","3":"status-publish","4":"has-post-thumbnail","6":"product_cat-nezaradene","8":"first","9":"outofstock","10":"taxable","11":"shipping-taxable","12":"purchasable","13":"product-type-variable"},"_links":{"self":[{"href":"https:\/\/wc.stage.a3shop.eu\/index.php?rest_route=\/wp\/v2\/product\/15","targetHints":{"allow":["GET"]}}],"collection":[{"href":"https:\/\/wc.stage.a3shop.eu\/index.php?rest_route=\/wp\/v2\/product"}],"about":[{"href":"https:\/\/wc.stage.a3shop.eu\/index.php?rest_route=\/wp\/v2\/types\/product"}],"replies":[{"embeddable":true,"href":"https:\/\/wc.stage.a3shop.eu\/index.php?rest_route=%2Fwp%2Fv2%2Fcomments&post=15"}],"wp:featuredmedia":[{"embeddable":true,"href":"https:\/\/wc.stage.a3shop.eu\/index.php?rest_route=\/wp\/v2\/media\/16"}],"wp:attachment":[{"href":"https:\/\/wc.stage.a3shop.eu\/index.php?rest_route=%2Fwp%2Fv2%2Fmedia&parent=15"}],"wp:term":[{"taxonomy":"product_brand","embeddable":true,"href":"https:\/\/wc.stage.a3shop.eu\/index.php?rest_route=%2Fwp%2Fv2%2Fproduct_brand&post=15"},{"taxonomy":"product_cat","embeddable":true,"href":"https:\/\/wc.stage.a3shop.eu\/index.php?rest_route=%2Fwp%2Fv2%2Fproduct_cat&post=15"},{"taxonomy":"product_tag","embeddable":true,"href":"https:\/\/wc.stage.a3shop.eu\/index.php?rest_route=%2Fwp%2Fv2%2Fproduct_tag&post=15"}],"curies":[{"name":"wp","href":"https:\/\/api.w.org\/{rel}","templated":true}]}}